{"id":149,"date":"2018-10-03T13:01:10","date_gmt":"2018-10-03T11:01:10","guid":{"rendered":"http:\/\/www.idapro-consult.com\/?page_id=149"},"modified":"2018-10-03T14:00:45","modified_gmt":"2018-10-03T12:00:45","slug":"impressum","status":"publish","type":"page","link":"http:\/\/www.idapro-consult.com\/index.php\/impressum\/","title":{"rendered":""},"content":{"rendered":"<h3><span style=\"font-size: 18px;\">Impressum<\/span><\/h3>\n<h5><span style=\"font-size: 18px;\">IDaPro Consult \u2013 Integrated Data Management<\/span><\/h5>\n<div class=\"textwidget\">\n<p>Mettmacher Stra\u00dfe 12<br \/>\n5252 Aspach<\/p>\n<p>tel: +43 (0)7755 70769<br \/>\nmobil: +43 (0)664 352 51 61<br \/>\nfax: +43 (0)810 955 4181 643<\/p>\n<p>UID: ATU63185369<br \/>\nIBAN: AT733451000004317269<br \/>\nBIC: RZOOAT3L510<\/p>\n<p>EU-DATENSCHUTZ-GRUNDVERORDNUNG (DSGVO)<br \/>\nAllgemein<\/p>\n<p>Der Schutz und die Sicherheit Ihrer pers\u00f6nlichen Daten sind uns ein besonderes Anliegen. Wir verarbeiten Ihre Daten daher ausschlie\u00dflich auf Grundlage der gesetzlichen Bestimmungen (DSGVO, TKG 2003). Als Nutzer unserer Webseite stimmen Sie der Datenverarbeitung im Sinne dieser Erkl\u00e4rung zu.<\/p>\n<p>Kontakt mit uns<\/p>\n<p>Wenn Sie uns per Formular, Einloggen auf der Webseite oder per E-Mail kontaktieren, werden Ihre angegebenen Daten zwecks Bearbeitung der Anfrage und f\u00fcr den Fall von Anschlussfragen bei uns gespeichert. Diese Daten geben wir nicht ohne Ihre Einwilligung weiter.<\/p>\n<p>Cookies<\/p>\n<p>Wir verwenden keine Cookies.<\/p>\n<p>Ihre Rechte<\/p>\n<p>Ihnen stehen grunds\u00e4tzlich die Rechte auf Auskunft, Berichtigung, L\u00f6schung, Einschr\u00e4nkung, Daten\u00fcbertragbarkeit, Widerruf und Widerspruch zu. Wenn Sie glauben, dass die Verarbeitung Ihrer Daten gegen das Datenschutzrecht verst\u00f6\u00dft oder Ihre datenschutzrechtlichen Anspr\u00fcche sonst in einer Weise verletzt worden sind, k\u00f6nnen Sie sich bei der Aufsichtsbeh\u00f6rde beschweren. In \u00d6sterreich ist dies die Datenschutzbeh\u00f6rde.<\/p>\n<\/div>\n","protected":false},"excerpt":{"rendered":"<p>Impressum IDaPro Consult \u2013 Integrated Data Management Mettmacher Stra\u00dfe 12 5252 Aspach tel: +43 (0)7755 70769 mobil: +43 (0)664 352 51 61 fax: +43 (0)810 955 4181 643 UID: ATU63185369 IBAN: AT733451000004317269 BIC: RZOOAT3L510 EU-DATENSCHUTZ-GRUNDVERORDNUNG (DSGVO) Allgemein Der Schutz und die Sicherheit Ihrer pers\u00f6nlichen Daten sind uns ein besonderes Anliegen.<\/p>\n","protected":false},"author":1,"featured_media":76,"parent":0,"menu_order":0,"comment_status":"closed","ping_status":"closed","template":"page-templates\/template-page-sidebar.php","meta":[],"_links":{"self":[{"href":"http:\/\/www.idapro-consult.com\/index.php\/wp-json\/wp\/v2\/pages\/149"}],"collection":[{"href":"http:\/\/www.idapro-consult.com\/index.php\/wp-json\/wp\/v2\/pages"}],"about":[{"href":"http:\/\/www.idapro-consult.com\/index.php\/wp-json\/wp\/v2\/types\/page"}],"author":[{"embeddable":true,"href":"http:\/\/www.idapro-consult.com\/index.php\/wp-json\/wp\/v2\/users\/1"}],"replies":[{"embeddable":true,"href":"http:\/\/www.idapro-consult.com\/index.php\/wp-json\/wp\/v2\/comments?post=149"}],"version-history":[{"count":4,"href":"http:\/\/www.idapro-consult.com\/index.php\/wp-json\/wp\/v2\/pages\/149\/revisions"}],"predecessor-version":[{"id":179,"href":"http:\/\/www.idapro-consult.com\/index.php\/wp-json\/wp\/v2\/pages\/149\/revisions\/179"}],"wp:featuredmedia":[{"embeddable":true,"href":"http:\/\/www.idapro-consult.com\/index.php\/wp-json\/wp\/v2\/media\/76"}],"wp:attachment":[{"href":"http:\/\/www.idapro-consult.com\/index.php\/wp-json\/wp\/v2\/media?parent=149"}],"curies":[{"name":"wp","href":"https:\/\/api.w.org\/{rel}","templated":true}]}}